{"id":31,"date":"2026-02-25T00:05:06","date_gmt":"2026-02-25T00:05:06","guid":{"rendered":"https:\/\/www.ucuzdepomm.com\/?post_type=product&#038;p=31"},"modified":"2026-02-25T00:05:06","modified_gmt":"2026-02-25T00:05:06","slug":"stanley-classic-legendary-termos-1-9l-koyu-mavi","status":"publish","type":"product","link":"https:\/\/www.ucuzdepomm.com\/index.php\/urun\/stanley-classic-legendary-termos-1-9l-koyu-mavi\/","title":{"rendered":"Stanley Classic Legendary Termos | 1.9L Koyu Mavi"},"content":{"rendered":"<h2 class=\"label collapsible-trigger collapsible-trigger-btn collapsible-trigger-btn--borders collapsible--auto-height is-open\" aria-controls=\"Product-content-description_BUarim14973129032040\" aria-expanded=\"true\">Detaylar &amp; \u00d6zellikler<\/h2>\n<div id=\"Product-content-description_BUarim14973129032040\" class=\"collapsible-content collapsible-content--all is-open\">\n<div class=\"collapsible-content__inner rte\">\n<div class=\"content\">\n<div>\n<p>Macera sabaha kadar s\u00fcrs\u00fcn! Classic Legendary Termosu, kahveyi ya da diledi\u011finiz ba\u015fka bir i\u00e7ece\u011fi 45 saate kadar s\u0131cak ya da so\u011fuk tutabilir. S\u0131zd\u0131rmaz, ta\u015f\u0131nabilir ve kolayca kullan\u0131labilir \u00f6zellikleriyle, kamp gezilerinizde, ma\u00e7 izleme etkinliklerinizde, do\u011fa gezilerinizde her t\u00fcrl\u00fc etkinlikte yan\u0131n\u0131zda olmay\u0131 hak eder.<\/p>\n<\/div>\n<ul>\n<li>1.9 L<\/li>\n<li>18\/8 Paslanmaz \u00c7elik, BPA i\u00e7ermeyen<\/li>\n<li>\u00c7ift katmanl\u0131 vakum izolasyonu<\/li>\n<li>S\u0131zd\u0131rmaz ve kolay ta\u015f\u0131nabilir<\/li>\n<li>\u0130zolasyonlu kapak, bardak olarak kullan\u0131labilir<\/li>\n<li>Bula\u015f\u0131k makinesinde y\u0131kanabilir<\/li>\n<\/ul>\n<\/div>\n<\/div>\n<\/div>\n","protected":false},"excerpt":{"rendered":"<p>Detaylar &amp; \u00d6zellikler Macera sabaha kadar s\u00fcrs\u00fcn! Classic Legendary Termosu, kahveyi ya da diledi\u011finiz ba\u015fka bir i\u00e7ece\u011fi 45 saate kadar [&hellip;]<\/p>\n","protected":false},"featured_media":32,"comment_status":"open","ping_status":"closed","template":"","meta":{"site-sidebar-layout":"default","site-content-layout":"","ast-site-content-layout":"default","site-content-style":"default","site-sidebar-style":"default","ast-global-header-display":"","ast-banner-title-visibility":"","ast-main-header-display":"","ast-hfb-above-header-display":"","ast-hfb-below-header-display":"","ast-hfb-mobile-header-display":"","site-post-title":"","ast-breadcrumbs-content":"","ast-featured-img":"","footer-sml-layout":"","ast-disable-related-posts":"","theme-transparent-header-meta":"default","adv-header-id-meta":"","stick-header-meta":"","header-above-stick-meta":"","header-main-stick-meta":"","header-below-stick-meta":"","astra-migrate-meta-layouts":"set","ast-page-background-enabled":"default","ast-page-background-meta":{"desktop":{"background-color":"var(--ast-global-color-5)","background-image":"","background-repeat":"repeat","background-position":"center center","background-size":"auto","background-attachment":"scroll","background-type":"","background-media":"","overlay-type":"","overlay-color":"","overlay-opacity":"","overlay-gradient":""},"tablet":{"background-color":"","background-image":"","background-repeat":"repeat","background-position":"center center","background-size":"auto","background-attachment":"scroll","background-type":"","background-media":"","overlay-type":"","overlay-color":"","overlay-opacity":"","overlay-gradient":""},"mobile":{"background-color":"","background-image":"","background-repeat":"repeat","background-position":"center center","background-size":"auto","background-attachment":"scroll","background-type":"","background-media":"","overlay-type":"","overlay-color":"","overlay-opacity":"","overlay-gradient":""}},"ast-content-background-meta":{"desktop":{"background-color":"var(--ast-global-color-4)","background-image":"","background-repeat":"repeat","background-position":"center center","background-size":"auto","background-attachment":"scroll","background-type":"","background-media":"","overlay-type":"","overlay-color":"","overlay-opacity":"","overlay-gradient":""},"tablet":{"background-color":"var(--ast-global-color-4)","background-image":"","background-repeat":"repeat","background-position":"center center","background-size":"auto","background-attachment":"scroll","background-type":"","background-media":"","overlay-type":"","overlay-color":"","overlay-opacity":"","overlay-gradient":""},"mobile":{"background-color":"var(--ast-global-color-4)","background-image":"","background-repeat":"repeat","background-position":"center center","background-size":"auto","background-attachment":"scroll","background-type":"","background-media":"","overlay-type":"","overlay-color":"","overlay-opacity":"","overlay-gradient":""}}},"product_brand":[],"product_cat":[15],"product_tag":[],"class_list":{"0":"post-31","1":"product","2":"type-product","3":"status-publish","4":"has-post-thumbnail","6":"product_cat-spor-outdoor","7":"desktop-align-left","8":"tablet-align-left","9":"mobile-align-left","11":"first","12":"instock","13":"shipping-taxable","14":"purchasable","15":"product-type-simple"},"_links":{"self":[{"href":"https:\/\/www.ucuzdepomm.com\/index.php\/wp-json\/wp\/v2\/product\/31","targetHints":{"allow":["GET"]}}],"collection":[{"href":"https:\/\/www.ucuzdepomm.com\/index.php\/wp-json\/wp\/v2\/product"}],"about":[{"href":"https:\/\/www.ucuzdepomm.com\/index.php\/wp-json\/wp\/v2\/types\/product"}],"replies":[{"embeddable":true,"href":"https:\/\/www.ucuzdepomm.com\/index.php\/wp-json\/wp\/v2\/comments?post=31"}],"wp:featuredmedia":[{"embeddable":true,"href":"https:\/\/www.ucuzdepomm.com\/index.php\/wp-json\/wp\/v2\/media\/32"}],"wp:attachment":[{"href":"https:\/\/www.ucuzdepomm.com\/index.php\/wp-json\/wp\/v2\/media?parent=31"}],"wp:term":[{"taxonomy":"product_brand","embeddable":true,"href":"https:\/\/www.ucuzdepomm.com\/index.php\/wp-json\/wp\/v2\/product_brand?post=31"},{"taxonomy":"product_cat","embeddable":true,"href":"https:\/\/www.ucuzdepomm.com\/index.php\/wp-json\/wp\/v2\/product_cat?post=31"},{"taxonomy":"product_tag","embeddable":true,"href":"https:\/\/www.ucuzdepomm.com\/index.php\/wp-json\/wp\/v2\/product_tag?post=31"}],"curies":[{"name":"wp","href":"https:\/\/api.w.org\/{rel}","templated":true}]}}