{"id":2,"date":"2026-02-24T02:35:45","date_gmt":"2026-02-24T02:35:45","guid":{"rendered":"http:\/\/www.ucuzdepomm.com\/?page_id=2"},"modified":"2026-02-24T23:36:12","modified_gmt":"2026-02-24T23:36:12","slug":"sample-page","status":"publish","type":"page","link":"https:\/\/www.ucuzdepomm.com\/index.php\/sample-page\/","title":{"rendered":"\u0130leti\u015fim"},"content":{"rendered":"\n<p>Bize Ula\u015f\u0131n<\/p>\n\n\n\n<blockquote class=\"wp-block-quote is-layout-flow wp-block-quote-is-layout-flow\">\n<p>Her t\u00fcrl\u00fc soru, g\u00f6r\u00fc\u015f ve \u00f6nerileriniz i\u00e7in a\u015fa\u011f\u0131daki ileti\u015fim kanallar\u0131 \u00fczerinden bize ula\u015fabilirsiniz.<br><br>e-Posta : <strong>destek@ucuzdepomm.com<\/strong><br>Whatsapp Destek Hatt\u0131 : <strong>0507 389 46 46<\/strong><br>Telefon : <strong>0507 389 46 46<\/strong><\/p>\n<\/blockquote>\n\n\n\n<p>\u015eirket Bilgileri<\/p>\n\n\n\n<blockquote class=\"wp-block-quote is-layout-flow wp-block-quote-is-layout-flow\">\n<p>\u00dcnvan\u0131 : <strong>KASIM DEM\u0130R<\/strong><br><br>Adres : <strong>Maslak Mahallesi Bilim Sokak Sun Plaza No:5A\/440 Sar\u0131yer\/\u0130stanbul<\/strong><br>Telefon : <strong>0507 389 46 46<\/strong><br>e-Posta : <strong>destek@ucuzdepomm.com<\/strong><br>Tescilli Marka Ad\u0131 : <strong>UCUZDEPOMM<\/strong><\/p>\n<\/blockquote>\n\n\n\n<p><\/p>\n","protected":false},"excerpt":{"rendered":"<p>Bize Ula\u015f\u0131n Her t\u00fcrl\u00fc soru, g\u00f6r\u00fc\u015f ve \u00f6nerileriniz i\u00e7in a\u015fa\u011f\u0131daki ileti\u015fim kanallar\u0131 \u00fczerinden bize ula\u015fabilirsiniz. e-Posta : destek@ucuzdepomm.comWhatsapp Destek Hatt\u0131 [&hellip;]<\/p>\n","protected":false},"author":1,"featured_media":0,"parent":0,"menu_order":0,"comment_status":"closed","ping_status":"open","template":"","meta":{"site-sidebar-layout":"default","site-content-layout":"","ast-site-content-layout":"default","site-content-style":"default","site-sidebar-style":"default","ast-global-header-display":"","ast-banner-title-visibility":"","ast-main-header-display":"","ast-hfb-above-header-display":"","ast-hfb-below-header-display":"","ast-hfb-mobile-header-display":"","site-post-title":"","ast-breadcrumbs-content":"","ast-featured-img":"","footer-sml-layout":"","ast-disable-related-posts":"","theme-transparent-header-meta":"","adv-header-id-meta":"","stick-header-meta":"","header-above-stick-meta":"","header-main-stick-meta":"","header-below-stick-meta":"","astra-migrate-meta-layouts":"default","ast-page-background-enabled":"default","ast-page-background-meta":{"desktop":{"background-color":"var(--ast-global-color-5)","background-image":"","background-repeat":"repeat","background-position":"center center","background-size":"auto","background-attachment":"scroll","background-type":"","background-media":"","overlay-type":"","overlay-color":"","overlay-opacity":"","overlay-gradient":""},"tablet":{"background-color":"","background-image":"","background-repeat":"repeat","background-position":"center center","background-size":"auto","background-attachment":"scroll","background-type":"","background-media":"","overlay-type":"","overlay-color":"","overlay-opacity":"","overlay-gradient":""},"mobile":{"background-color":"","background-image":"","background-repeat":"repeat","background-position":"center center","background-size":"auto","background-attachment":"scroll","background-type":"","background-media":"","overlay-type":"","overlay-color":"","overlay-opacity":"","overlay-gradient":""}},"ast-content-background-meta":{"desktop":{"background-color":"var(--ast-global-color-4)","background-image":"","background-repeat":"repeat","background-position":"center center","background-size":"auto","background-attachment":"scroll","background-type":"","background-media":"","overlay-type":"","overlay-color":"","overlay-opacity":"","overlay-gradient":""},"tablet":{"background-color":"var(--ast-global-color-4)","background-image":"","background-repeat":"repeat","background-position":"center center","background-size":"auto","background-attachment":"scroll","background-type":"","background-media":"","overlay-type":"","overlay-color":"","overlay-opacity":"","overlay-gradient":""},"mobile":{"background-color":"var(--ast-global-color-4)","background-image":"","background-repeat":"repeat","background-position":"center center","background-size":"auto","background-attachment":"scroll","background-type":"","background-media":"","overlay-type":"","overlay-color":"","overlay-opacity":"","overlay-gradient":""}},"footnotes":""},"class_list":["post-2","page","type-page","status-publish","hentry"],"_links":{"self":[{"href":"https:\/\/www.ucuzdepomm.com\/index.php\/wp-json\/wp\/v2\/pages\/2","targetHints":{"allow":["GET"]}}],"collection":[{"href":"https:\/\/www.ucuzdepomm.com\/index.php\/wp-json\/wp\/v2\/pages"}],"about":[{"href":"https:\/\/www.ucuzdepomm.com\/index.php\/wp-json\/wp\/v2\/types\/page"}],"author":[{"embeddable":true,"href":"https:\/\/www.ucuzdepomm.com\/index.php\/wp-json\/wp\/v2\/users\/1"}],"replies":[{"embeddable":true,"href":"https:\/\/www.ucuzdepomm.com\/index.php\/wp-json\/wp\/v2\/comments?post=2"}],"version-history":[{"count":2,"href":"https:\/\/www.ucuzdepomm.com\/index.php\/wp-json\/wp\/v2\/pages\/2\/revisions"}],"predecessor-version":[{"id":19,"href":"https:\/\/www.ucuzdepomm.com\/index.php\/wp-json\/wp\/v2\/pages\/2\/revisions\/19"}],"wp:attachment":[{"href":"https:\/\/www.ucuzdepomm.com\/index.php\/wp-json\/wp\/v2\/media?parent=2"}],"curies":[{"name":"wp","href":"https:\/\/api.w.org\/{rel}","templated":true}]}}